{"id":2,"date":"2025-04-18T12:27:58","date_gmt":"2025-04-18T09:27:58","guid":{"rendered":"https:\/\/bulutdental.com.tr\/?page_id=2"},"modified":"2025-04-18T12:27:58","modified_gmt":"2025-04-18T09:27:58","slug":"ornek-sayfa","status":"publish","type":"page","link":"https:\/\/bulutdental.com.tr\/es\/pagina-de-muestra\/","title":{"rendered":"P\u00e1gina de muestra"},"content":{"rendered":"<p>Se trata de una p\u00e1gina de muestra. Se diferencia de una entrada de blog porque permanece fija en un lugar espec\u00edfico y se muestra en el men\u00fa de navegaci\u00f3n de tu tema (la mayor\u00eda de los temas lo admiten). Mucha gente utiliza una p\u00e1gina Acerca de para dar la bienvenida a los visitantes potenciales. Podr\u00eda ser algo parecido a esto:<\/p>\n\n\n\n<blockquote class=\"wp-block-quote is-layout-flow wp-block-quote-is-layout-flow\"><p>Hola a todos. Soy mensajero en bicicleta de d\u00eda y aspirante a actor de noche, y este es mi sitio web. Vivo en Estambul, tengo un perro maravilloso llamado B\u0131d\u0131k y me encanta beber pi\u00f1as coladas (y que me pille la lluvia).<\/p><\/blockquote>\n\n\n\n<p>...o algo as\u00ed:<\/p>\n\n\n\n<blockquote class=\"wp-block-quote is-layout-flow wp-block-quote-is-layout-flow\"><p>La empresa XYZ se fund\u00f3 en 1971 y lleva produciendo cosas de calidad desde su creaci\u00f3n. Situada en Gotham City, la empresa XYZ intenta hacer lo mejor de todo para Gotham City con m\u00e1s de 2.000 empleados.<\/p><\/blockquote>\n\n\n\n<p>Como nuevo usuario de WordPress, en primer lugar <a href=\"https:\/\/bulutdental.com.tr\/wp-admin\/\">Pantalla de inicio<\/a> Tienes que ir a borrar esta p\u00e1gina y crear tus propias p\u00e1ginas. \u00a1Divi\u00e9rtete!<\/p>","protected":false},"excerpt":{"rendered":"<p>Bu bir \u00f6rnek sayfad\u0131r. Bir blog yaz\u0131s\u0131ndan farkl\u0131d\u0131r \u00e7\u00fcnk\u00fc belirli bir yerde [&hellip;]<\/p>","protected":false},"author":1,"featured_media":0,"parent":0,"menu_order":0,"comment_status":"closed","ping_status":"open","template":"","meta":{"footnotes":""},"class_list":["post-2","page","type-page","status-publish","hentry"],"_links":{"self":[{"href":"https:\/\/bulutdental.com.tr\/es\/wp-json\/wp\/v2\/pages\/2","targetHints":{"allow":["GET"]}}],"collection":[{"href":"https:\/\/bulutdental.com.tr\/es\/wp-json\/wp\/v2\/pages"}],"about":[{"href":"https:\/\/bulutdental.com.tr\/es\/wp-json\/wp\/v2\/types\/page"}],"author":[{"embeddable":true,"href":"https:\/\/bulutdental.com.tr\/es\/wp-json\/wp\/v2\/users\/1"}],"replies":[{"embeddable":true,"href":"https:\/\/bulutdental.com.tr\/es\/wp-json\/wp\/v2\/comments?post=2"}],"version-history":[{"count":0,"href":"https:\/\/bulutdental.com.tr\/es\/wp-json\/wp\/v2\/pages\/2\/revisions"}],"wp:attachment":[{"href":"https:\/\/bulutdental.com.tr\/es\/wp-json\/wp\/v2\/media?parent=2"}],"curies":[{"name":"wp","href":"https:\/\/api.w.org\/{rel}","templated":true}]}}