{"id":9835,"date":"2024-12-26T09:44:48","date_gmt":"2024-12-26T09:44:48","guid":{"rendered":"https:\/\/demo.awaikenthemes.com\/dispnsary\/?page_id=9835"},"modified":"2025-05-07T22:42:06","modified_gmt":"2025-05-07T19:42:06","slug":"furkanucan","status":"publish","type":"page","link":"https:\/\/bulutdental.com.tr\/ar\/%d8%a3%d8%b7%d8%a8%d8%a7%d8%a4%d9%86%d8%a7\/%d9%81%d9%88%d8%b1%d9%83%d8%a7%d9%86%d9%88%d9%83%d8%a7%d9%86%d9%88%d9%83%d8%a7%d9%86\/","title":{"rendered":"\u062f\u062a. \u0641\u0648\u0631\u0643\u0627\u0646 \u0623\u0648\u062a\u0634\u0627\u0646"},"content":{"rendered":"<div data-elementor-type=\"wp-page\" data-elementor-id=\"9835\" class=\"elementor elementor-9835\">\n\t\t\t\t<div class=\"elementor-element elementor-element-4a8f54b e-flex e-con-boxed e-con e-parent\" data-id=\"4a8f54b\" data-element_type=\"container\" data-settings=\"{&quot;background_background&quot;:&quot;classic&quot;}\">\n\t\t\t\t\t<div class=\"e-con-inner\">\n\t\t<div class=\"elementor-element elementor-element-66c134b bg-section e-flex e-con-boxed e-con e-child\" data-id=\"66c134b\" data-element_type=\"container\" data-settings=\"{&quot;background_background&quot;:&quot;classic&quot;}\">\n\t\t\t\t\t<div class=\"e-con-inner\">\n\t\t\t\t<div class=\"elementor-element elementor-element-e791399 at-heading-animation at-animation-heading-style-3 elementor-widget elementor-widget-heading\" data-id=\"e791399\" data-element_type=\"widget\" data-settings=\"{&quot;ekit_we_effect_on&quot;:&quot;none&quot;}\" data-widget_type=\"heading.default\">\n\t\t\t\t<div class=\"elementor-widget-container\">\n\t\t\t\t\t<h1 class=\"elementor-heading-title elementor-size-default\">\u062f\u062a. \u0641\u0648\u0631\u0643\u0627\u0646 \u0623\u0648\u062a\u0634\u0627\u0646<\/h1>\t\t\t\t<\/div>\n\t\t\t\t<\/div>\n\t\t\t\t\t<\/div>\n\t\t\t\t<\/div>\n\t\t\t\t\t<\/div>\n\t\t\t\t<\/div>\n\t\t<div class=\"elementor-element elementor-element-7185b2e e-flex e-con-boxed e-con e-parent\" data-id=\"7185b2e\" data-element_type=\"container\">\n\t\t\t\t\t<div class=\"e-con-inner\">\n\t\t<div class=\"elementor-element elementor-element-a1e7451 e-con-full e-flex e-con e-child\" data-id=\"a1e7451\" data-element_type=\"container\">\n\t\t<div class=\"elementor-element elementor-element-a4f5a1c e-con-full sticky-column e-flex elementor-invisible e-con e-child\" data-id=\"a4f5a1c\" data-element_type=\"container\" data-settings=\"{&quot;animation&quot;:&quot;fadeInUp&quot;}\">\n\t\t<div class=\"elementor-element elementor-element-fc70a2a e-con-full e-flex e-con e-child\" data-id=\"fc70a2a\" data-element_type=\"container\">\n\t\t\t\t<div class=\"elementor-element elementor-element-8970d6f image-anime doctor-sidebar-image at-image-animation at-animation-image-none elementor-widget elementor-widget-image\" data-id=\"8970d6f\" data-element_type=\"widget\" data-settings=\"{&quot;ekit_we_effect_on&quot;:&quot;none&quot;}\" data-widget_type=\"image.default\">\n\t\t\t\t<div class=\"elementor-widget-container\">\n\t\t\t\t\t\t\t\t\t\t\t\t\t\t\t<img fetchpriority=\"high\" decoding=\"async\" width=\"900\" height=\"1125\" src=\"https:\/\/bulutdental.com.tr\/wp-content\/uploads\/2025\/05\/Furkan-SS3.png\" class=\"attachment-full size-full wp-image-11799\" alt=\"\" srcset=\"https:\/\/bulutdental.com.tr\/wp-content\/uploads\/2025\/05\/Furkan-SS3.png 900w, https:\/\/bulutdental.com.tr\/wp-content\/uploads\/2025\/05\/Furkan-SS3-240x300.png 240w, https:\/\/bulutdental.com.tr\/wp-content\/uploads\/2025\/05\/Furkan-SS3-819x1024.png 819w, https:\/\/bulutdental.com.tr\/wp-content\/uploads\/2025\/05\/Furkan-SS3-768x960.png 768w, https:\/\/bulutdental.com.tr\/wp-content\/uploads\/2025\/05\/Furkan-SS3-10x12.png 10w\" sizes=\"(max-width: 900px) 100vw, 900px\" \/>\t\t\t\t\t\t\t\t\t\t\t\t\t\t\t<\/div>\n\t\t\t\t<\/div>\n\t\t\t\t<\/div>\n\t\t<div class=\"elementor-element elementor-element-747a9e2 e-con-full e-flex e-con e-child\" data-id=\"747a9e2\" data-element_type=\"container\" data-settings=\"{&quot;background_background&quot;:&quot;classic&quot;}\">\n\t\t\t\t<div class=\"elementor-element elementor-element-42f691b team-sidebar-body elementor-icon-list--layout-traditional elementor-list-item-link-full_width elementor-widget elementor-widget-icon-list\" data-id=\"42f691b\" data-element_type=\"widget\" data-settings=\"{&quot;ekit_we_effect_on&quot;:&quot;none&quot;}\" data-widget_type=\"icon-list.default\">\n\t\t\t\t<div class=\"elementor-widget-container\">\n\t\t\t\t\t\t\t<ul class=\"elementor-icon-list-items\">\n\t\t\t\t\t\t\t<li class=\"elementor-icon-list-item\">\n\t\t\t\t\t\t\t\t\t\t<span class=\"elementor-icon-list-text\"><span>\u0627\u0644\u0627\u0633\u0645:<\/span> \u062f\u062a. \u0641\u0648\u0631\u0643\u0627\u0646 \u0623\u0648\u062a\u0634\u0627\u0646<\/span>\n\t\t\t\t\t\t\t\t\t<\/li>\n\t\t\t\t\t\t\t\t<li class=\"elementor-icon-list-item\">\n\t\t\t\t\t\t\t\t\t\t<span class=\"elementor-icon-list-text\"><span>\u0627\u0644\u0645\u0646\u0635\u0628:<\/span> \u0637\u0628\u064a\u0628 \u0623\u0633\u0646\u0627\u0646<\/span>\n\t\t\t\t\t\t\t\t\t<\/li>\n\t\t\t\t\t\t<\/ul>\n\t\t\t\t\t\t<\/div>\n\t\t\t\t<\/div>\n\t\t\t\t<\/div>\n\t\t<div class=\"elementor-element elementor-element-d41f3cb e-con-full e-flex e-con e-child\" data-id=\"d41f3cb\" data-element_type=\"container\" data-settings=\"{&quot;background_background&quot;:&quot;classic&quot;}\">\n\t\t\t\t<div class=\"elementor-element elementor-element-7f20297 at-heading-animation at-animation-heading-none elementor-widget elementor-widget-heading\" data-id=\"7f20297\" data-element_type=\"widget\" data-settings=\"{&quot;ekit_we_effect_on&quot;:&quot;none&quot;}\" data-widget_type=\"heading.default\">\n\t\t\t\t<div class=\"elementor-widget-container\">\n\t\t\t\t\t<h2 class=\"elementor-heading-title elementor-size-default\">\u062a\u0627\u0628\u0639\u0646\u0627:<\/h2>\t\t\t\t<\/div>\n\t\t\t\t<\/div>\n\t\t\t\t<div class=\"elementor-element elementor-element-1be55d6 doctor-sidebar-footer elementor-widget elementor-widget-elementskit-social-media\" data-id=\"1be55d6\" data-element_type=\"widget\" data-settings=\"{&quot;ekit_we_effect_on&quot;:&quot;none&quot;}\" data-widget_type=\"elementskit-social-media.default\">\n\t\t\t\t<div class=\"elementor-widget-container\">\n\t\t\t\t\t<div class=\"ekit-wid-con\" >\t\t\t <ul class=\"ekit_social_media\">\n\t\t\t\t\t\t\t\t\t\t\t\t\t\t<li class=\"elementor-repeater-item-107df86\">\n\t\t\t\t\t    <a\n\t\t\t\t\t\thref=\"https:\/\/www.instagram.com\/bulutdentaladana\/\" aria-label=\"\u0627\u0646\u0633\u062a\u0642\u0631\u0627\u0645\" class=\"instagram\" >\n\t\t\t\t\t\t\t\t\t\t\t\t\t\t\n\t\t\t\t\t\t\t<i aria-hidden=\"true\" class=\"fab fa-instagram\"><\/i>\t\t\t\t\t\t\t\t\t\n                                                                                                            <\/a>\n                    <\/li>\n                    \t\t\t\t\t\t\t<\/ul>\n\t\t<\/div>\t\t\t\t<\/div>\n\t\t\t\t<\/div>\n\t\t\t\t<\/div>\n\t\t\t\t<\/div>\n\t\t\t\t<\/div>\n\t\t<div class=\"elementor-element elementor-element-eea782d e-con-full e-flex e-con e-child\" data-id=\"eea782d\" data-element_type=\"container\">\n\t\t<div class=\"elementor-element elementor-element-8a26a32 e-con-full e-flex e-con e-child\" data-id=\"8a26a32\" data-element_type=\"container\">\n\t\t\t\t<div class=\"elementor-element elementor-element-3b3360b at-heading-animation at-animation-heading-style-3 elementor-widget elementor-widget-heading\" data-id=\"3b3360b\" data-element_type=\"widget\" data-settings=\"{&quot;ekit_we_effect_on&quot;:&quot;none&quot;}\" data-widget_type=\"heading.default\">\n\t\t\t\t<div class=\"elementor-widget-container\">\n\t\t\t\t\t<h2 class=\"elementor-heading-title elementor-size-default\">\u0646\u0628\u0630\u0629 \u0639\u0646<\/h2>\t\t\t\t<\/div>\n\t\t\t\t<\/div>\n\t\t\t\t<div class=\"elementor-element elementor-element-0875b17 elementor-invisible elementor-widget elementor-widget-text-editor\" data-id=\"0875b17\" data-element_type=\"widget\" data-settings=\"{&quot;_animation&quot;:&quot;fadeInUp&quot;,&quot;ekit_we_effect_on&quot;:&quot;none&quot;}\" data-widget_type=\"text-editor.default\">\n\t\t\t\t<div class=\"elementor-widget-container\">\n\t\t\t\t\t\t\t\t\t<p><strong data-start=\"2427\" data-end=\"2453\">\u0637\u0628\u064a\u0628 \u0627\u0644\u0623\u0633\u0646\u0627\u0646 \u0641\u0631\u0642\u0627\u0646 \u0623\u0648\u062c\u0627\u0646<\/strong>\u064a\u0639\u0631\u0636 \u0646\u0647\u062c\u0627\u064b \u0645\u062a\u0643\u0627\u0645\u0644\u0627\u064b \u0641\u064a \u0627\u0644\u0645\u062c\u0627\u0644\u0627\u062a \u0627\u0644\u062c\u0631\u0627\u062d\u064a\u0629 \u0648\u0627\u0644\u062a\u062c\u0645\u064a\u0644\u064a\u0629. \u0641\u0628\u0627\u0644\u0625\u0636\u0627\u0641\u0629 \u0625\u0644\u0649 \u0627\u0644\u062a\u062f\u062e\u0644\u0627\u062a \u0645\u062b\u0644 \u0632\u0631\u0627\u0639\u0629 \u0627\u0644\u0623\u0633\u0646\u0627\u0646 \u0648\u062c\u0631\u0627\u062d\u0629 \u0627\u0644\u062c\u064a\u0648\u0628 \u0627\u0644\u0623\u0646\u0641\u064a\u0629 \u0648\u0625\u062c\u0631\u0627\u0621\u0627\u062a \u062a\u0631\u0642\u064a\u0639 \u0627\u0644\u0639\u0638\u0627\u0645 \u0648\u0642\u0644\u0639 \u0627\u0644\u0623\u0633\u0646\u0627\u0646 \u0627\u0644\u0645\u062a\u0623\u062b\u0631\u0629\u060c \u0641\u0625\u0646\u0647 \u064a\u062a\u0645\u064a\u0632 \u0628\u062a\u0637\u0628\u064a\u0642\u0627\u062a \u0637\u0628 \u0627\u0644\u0623\u0633\u0646\u0627\u0646 \u0627\u0644\u062a\u062c\u0645\u064a\u0644\u064a. \u0641\u0647\u064a \u062a\u0648\u0641\u0631 \u0646\u062a\u0627\u0626\u062c \u0637\u0628\u064a\u0639\u064a\u0629 \u0648\u0623\u0646\u064a\u0642\u0629 \u0645\u0639 \u062a\u0631\u0645\u064a\u0645\u0627\u062a \u0627\u0644\u0632\u0631\u0643\u0648\u0646\u064a\u0648\u0645 \u0648\u0627\u0644\u0635\u0641\u0627\u0626\u062d \u0648\u0627\u0644\u062d\u0634\u0648\u0627\u062a \u0627\u0644\u062a\u062c\u0645\u064a\u0644\u064a\u0629 \u0648\u062a\u0635\u0645\u064a\u0645 \u0627\u0644\u0627\u0628\u062a\u0633\u0627\u0645\u0629. \u0643\u0645\u0627 \u064a\u0642\u062f\u0645 \u062d\u0644\u0648\u0644\u0627\u064b \u0634\u0627\u0645\u0644\u0629 \u0645\u0646 \u062d\u064a\u062b \u0627\u0644\u0635\u062d\u0629 \u0648\u0627\u0644\u062c\u0645\u0627\u0644 \u0645\u0646 \u062e\u0644\u0627\u0644 \u062c\u0631\u0627\u062d\u0629 \u0627\u0644\u0644\u062b\u0629 \u0648\u062a\u0637\u0628\u064a\u0642\u0627\u062a \u0627\u0644\u0628\u0648\u062a\u0648\u0643\u0633 \u0627\u0644\u0644\u062b\u0648\u064a.<\/p>\t\t\t\t\t\t\t\t<\/div>\n\t\t\t\t<\/div>\n\t\t\t\t<\/div>\n\t\t<div class=\"elementor-element elementor-element-b5cf504 e-con-full e-flex e-con e-child\" data-id=\"b5cf504\" data-element_type=\"container\">\n\t\t\t\t<div class=\"elementor-element elementor-element-e32045c at-heading-animation at-animation-heading-style-3 elementor-widget elementor-widget-heading\" data-id=\"e32045c\" data-element_type=\"widget\" data-settings=\"{&quot;ekit_we_effect_on&quot;:&quot;none&quot;}\" data-widget_type=\"heading.default\">\n\t\t\t\t<div class=\"elementor-widget-container\">\n\t\t\t\t\t<h2 class=\"elementor-heading-title elementor-size-default\">\u0627\u0644\u062e\u062f\u0645\u0627\u062a<\/h2>\t\t\t\t<\/div>\n\t\t\t\t<\/div>\n\t\t\t\t<div class=\"elementor-element elementor-element-8c9e95b elementor-invisible elementor-widget elementor-widget-text-editor\" data-id=\"8c9e95b\" data-element_type=\"widget\" data-settings=\"{&quot;_animation&quot;:&quot;fadeInUp&quot;,&quot;ekit_we_effect_on&quot;:&quot;none&quot;}\" data-widget_type=\"text-editor.default\">\n\t\t\t\t<div class=\"elementor-widget-container\">\n\t\t\t\t\t\t\t\t\t<ul><li data-leveltext=\"\uf0b7\" data-font=\"Symbol\" data-listid=\"1\" data-list-defn-props=\"{&quot;335552541&quot;:1,&quot;335559685&quot;:720,&quot;335559991&quot;:360,&quot;469769226&quot;:&quot;Symbol&quot;,&quot;469769242&quot;:[8226],&quot;469777803&quot;:&quot;left&quot;,&quot;469777804&quot;:&quot;\uf0b7&quot;,&quot;469777815&quot;:&quot;multilevel&quot;}\" aria-setsize=\"-1\" data-aria-posinset=\"66\" data-aria-level=\"1\">\u062c\u0631\u0627\u062d\u0629 \u0627\u0644\u0632\u0631\u0639\u00a0<\/li><\/ul><ul><li data-leveltext=\"\uf0b7\" data-font=\"Symbol\" data-listid=\"1\" data-list-defn-props=\"{&quot;335552541&quot;:1,&quot;335559685&quot;:720,&quot;335559991&quot;:360,&quot;469769226&quot;:&quot;Symbol&quot;,&quot;469769242&quot;:[8226],&quot;469777803&quot;:&quot;left&quot;,&quot;469777804&quot;:&quot;\uf0b7&quot;,&quot;469777815&quot;:&quot;multilevel&quot;}\" aria-setsize=\"-1\" data-aria-posinset=\"67\" data-aria-level=\"1\">\u062c\u0631\u0627\u062d\u0629 \u0627\u0644\u062c\u064a\u0648\u0628 \u0627\u0644\u0623\u0646\u0641\u064a\u0629 \u0648\u062a\u0637\u0639\u064a\u0645 \u0627\u0644\u0639\u0638\u0627\u0645\u00a0<\/li><\/ul><ul><li data-leveltext=\"\uf0b7\" data-font=\"Symbol\" data-listid=\"1\" data-list-defn-props=\"{&quot;335552541&quot;:1,&quot;335559685&quot;:720,&quot;335559991&quot;:360,&quot;469769226&quot;:&quot;Symbol&quot;,&quot;469769242&quot;:[8226],&quot;469777803&quot;:&quot;left&quot;,&quot;469777804&quot;:&quot;\uf0b7&quot;,&quot;469777815&quot;:&quot;multilevel&quot;}\" aria-setsize=\"-1\" data-aria-posinset=\"68\" data-aria-level=\"1\">\u0639\u0644\u0627\u062c \u0642\u0646\u0627\u0629 \u0627\u0644\u062c\u0630\u0631\u00a0<\/li><\/ul><ul><li data-leveltext=\"\uf0b7\" data-font=\"Symbol\" data-listid=\"1\" data-list-defn-props=\"{&quot;335552541&quot;:1,&quot;335559685&quot;:720,&quot;335559991&quot;:360,&quot;469769226&quot;:&quot;Symbol&quot;,&quot;469769242&quot;:[8226],&quot;469777803&quot;:&quot;left&quot;,&quot;469777804&quot;:&quot;\uf0b7&quot;,&quot;469777815&quot;:&quot;multilevel&quot;}\" aria-setsize=\"-1\" data-aria-posinset=\"69\" data-aria-level=\"1\">\u062a\u064a\u062c\u0627\u0646 \u0627\u0644\u0628\u0648\u0631\u0633\u0644\u064a\u0646 \u0627\u0644\u0632\u0631\u0643\u0648\u0646\u064a\u0648\u0645\u00a0<\/li><\/ul><ul><li data-leveltext=\"\uf0b7\" data-font=\"Symbol\" data-listid=\"1\" data-list-defn-props=\"{&quot;335552541&quot;:1,&quot;335559685&quot;:720,&quot;335559991&quot;:360,&quot;469769226&quot;:&quot;Symbol&quot;,&quot;469769242&quot;:[8226],&quot;469777803&quot;:&quot;left&quot;,&quot;469777804&quot;:&quot;\uf0b7&quot;,&quot;469777815&quot;:&quot;multilevel&quot;}\" aria-setsize=\"-1\" data-aria-posinset=\"70\" data-aria-level=\"1\">\u062a\u0637\u0628\u064a\u0642\u0627\u062a \u0627\u0644\u0644\u0645\u064a\u0646\u0627\u00a0<\/li><\/ul><ul><li data-leveltext=\"\uf0b7\" data-font=\"Symbol\" data-listid=\"1\" data-list-defn-props=\"{&quot;335552541&quot;:1,&quot;335559685&quot;:720,&quot;335559991&quot;:360,&quot;469769226&quot;:&quot;Symbol&quot;,&quot;469769242&quot;:[8226],&quot;469777803&quot;:&quot;left&quot;,&quot;469777804&quot;:&quot;\uf0b7&quot;,&quot;469777815&quot;:&quot;multilevel&quot;}\" aria-setsize=\"-1\" data-aria-posinset=\"71\" data-aria-level=\"1\">\u062d\u0634\u0648 \u0627\u0644\u0623\u0633\u0646\u0627\u0646\u00a0<\/li><\/ul><ul><li data-leveltext=\"\uf0b7\" data-font=\"Symbol\" data-listid=\"1\" data-list-defn-props=\"{&quot;335552541&quot;:1,&quot;335559685&quot;:720,&quot;335559991&quot;:360,&quot;469769226&quot;:&quot;Symbol&quot;,&quot;469769242&quot;:[8226],&quot;469777803&quot;:&quot;left&quot;,&quot;469777804&quot;:&quot;\uf0b7&quot;,&quot;469777815&quot;:&quot;multilevel&quot;}\" aria-setsize=\"-1\" data-aria-posinset=\"72\" data-aria-level=\"1\">\u0627\u0644\u062d\u0634\u0648 \u0627\u0644\u062c\u0645\u0627\u0644\u064a\u00a0<\/li><\/ul><ul><li data-leveltext=\"\uf0b7\" data-font=\"Symbol\" data-listid=\"1\" data-list-defn-props=\"{&quot;335552541&quot;:1,&quot;335559685&quot;:720,&quot;335559991&quot;:360,&quot;469769226&quot;:&quot;Symbol&quot;,&quot;469769242&quot;:[8226],&quot;469777803&quot;:&quot;left&quot;,&quot;469777804&quot;:&quot;\uf0b7&quot;,&quot;469777815&quot;:&quot;multilevel&quot;}\" aria-setsize=\"-1\" data-aria-posinset=\"73\" data-aria-level=\"1\">\u062c\u0645\u0627\u0644\u064a\u0627\u062a \u0627\u0644\u0644\u062b\u0629\u00a0<\/li><\/ul><ul><li data-leveltext=\"\uf0b7\" data-font=\"Symbol\" data-listid=\"1\" data-list-defn-props=\"{&quot;335552541&quot;:1,&quot;335559685&quot;:720,&quot;335559991&quot;:360,&quot;469769226&quot;:&quot;Symbol&quot;,&quot;469769242&quot;:[8226],&quot;469777803&quot;:&quot;left&quot;,&quot;469777804&quot;:&quot;\uf0b7&quot;,&quot;469777815&quot;:&quot;multilevel&quot;}\" aria-setsize=\"-1\" data-aria-posinset=\"74\" data-aria-level=\"1\">\u062a\u0637\u0628\u064a\u0642\u0627\u062a \u0627\u0644\u062c\u0633\u0631\u00a0<\/li><\/ul><ul><li data-leveltext=\"\uf0b7\" data-font=\"Symbol\" data-listid=\"1\" data-list-defn-props=\"{&quot;335552541&quot;:1,&quot;335559685&quot;:720,&quot;335559991&quot;:360,&quot;469769226&quot;:&quot;Symbol&quot;,&quot;469769242&quot;:[8226],&quot;469777803&quot;:&quot;left&quot;,&quot;469777804&quot;:&quot;\uf0b7&quot;,&quot;469777815&quot;:&quot;multilevel&quot;}\" aria-setsize=\"-1\" data-aria-posinset=\"75\" data-aria-level=\"1\">\u062a\u0628\u064a\u064a\u0636 \u0627\u0644\u0623\u0633\u0646\u0627\u0646\u00a0<\/li><\/ul><ul><li data-leveltext=\"\uf0b7\" data-font=\"Symbol\" data-listid=\"1\" data-list-defn-props=\"{&quot;335552541&quot;:1,&quot;335559685&quot;:720,&quot;335559991&quot;:360,&quot;469769226&quot;:&quot;Symbol&quot;,&quot;469769242&quot;:[8226],&quot;469777803&quot;:&quot;left&quot;,&quot;469777804&quot;:&quot;\uf0b7&quot;,&quot;469777815&quot;:&quot;multilevel&quot;}\" aria-setsize=\"-1\" data-aria-posinset=\"76\" data-aria-level=\"1\">\u062a\u0637\u0628\u064a\u0642\u0627\u062a \u0637\u0628 \u0627\u0644\u0623\u0633\u0646\u0627\u0646 \u0627\u0644\u062a\u062c\u0645\u064a\u0644\u064a\u00a0<\/li><\/ul><ul><li data-leveltext=\"\uf0b7\" data-font=\"Symbol\" data-listid=\"1\" data-list-defn-props=\"{&quot;335552541&quot;:1,&quot;335559685&quot;:720,&quot;335559991&quot;:360,&quot;469769226&quot;:&quot;Symbol&quot;,&quot;469769242&quot;:[8226],&quot;469777803&quot;:&quot;left&quot;,&quot;469777804&quot;:&quot;\uf0b7&quot;,&quot;469777815&quot;:&quot;multilevel&quot;}\" aria-setsize=\"-1\" data-aria-posinset=\"77\" data-aria-level=\"1\">\u062a\u0635\u0645\u064a\u0645 \u0627\u0644\u0627\u0628\u062a\u0633\u0627\u0645\u0629\u00a0<\/li><\/ul><ul><li data-leveltext=\"\uf0b7\" data-font=\"Symbol\" data-listid=\"1\" data-list-defn-props=\"{&quot;335552541&quot;:1,&quot;335559685&quot;:720,&quot;335559991&quot;:360,&quot;469769226&quot;:&quot;Symbol&quot;,&quot;469769242&quot;:[8226],&quot;469777803&quot;:&quot;left&quot;,&quot;469777804&quot;:&quot;\uf0b7&quot;,&quot;469777815&quot;:&quot;multilevel&quot;}\" aria-setsize=\"-1\" data-aria-posinset=\"78\" data-aria-level=\"1\">\u062c\u0631\u0627\u062d\u0629 \u0627\u0644\u0644\u062b\u0629\u00a0<\/li><\/ul><ul><li data-leveltext=\"\uf0b7\" data-font=\"Symbol\" data-listid=\"1\" data-list-defn-props=\"{&quot;335552541&quot;:1,&quot;335559685&quot;:720,&quot;335559991&quot;:360,&quot;469769226&quot;:&quot;Symbol&quot;,&quot;469769242&quot;:[8226],&quot;469777803&quot;:&quot;left&quot;,&quot;469777804&quot;:&quot;\uf0b7&quot;,&quot;469777815&quot;:&quot;multilevel&quot;}\" aria-setsize=\"-1\" data-aria-posinset=\"79\" data-aria-level=\"1\">\u0642\u0644\u0639 \u0627\u0644\u0623\u0633\u0646\u0627\u0646 \u0627\u0644\u0645\u062a\u0623\u062b\u0631\u0629\u00a0<\/li><\/ul><ul><li data-leveltext=\"\uf0b7\" data-font=\"Symbol\" data-listid=\"1\" data-list-defn-props=\"{&quot;335552541&quot;:1,&quot;335559685&quot;:720,&quot;335559991&quot;:360,&quot;469769226&quot;:&quot;Symbol&quot;,&quot;469769242&quot;:[8226],&quot;469777803&quot;:&quot;left&quot;,&quot;469777804&quot;:&quot;\uf0b7&quot;,&quot;469777815&quot;:&quot;multilevel&quot;}\" aria-setsize=\"-1\" data-aria-posinset=\"80\" data-aria-level=\"1\">\u062a\u0637\u0628\u064a\u0642 \u062d\u0642\u0646 \u0627\u0644\u0628\u0648\u062a\u0648\u0643\u0633 \u0627\u0644\u0639\u0636\u0644\u064a\u00a0<\/li><\/ul>\t\t\t\t\t\t\t\t<\/div>\n\t\t\t\t<\/div>\n\t\t\t\t<\/div>\n\t\t\t\t<\/div>\n\t\t\t\t\t<\/div>\n\t\t\t\t<\/div>\n\t\t\t\t<\/div>","protected":false},"excerpt":{"rendered":"<p>Dt. Furkan U\u00e7an \u0130sim: Dt. Furkan U\u00e7an Pozisyon: Di\u015f Hekimi Bizi Takip [&hellip;]<\/p>","protected":false},"author":1,"featured_media":0,"parent":4281,"menu_order":0,"comment_status":"closed","ping_status":"closed","template":"elementor_header_footer","meta":{"footnotes":""},"class_list":["post-9835","page","type-page","status-publish","hentry"],"_links":{"self":[{"href":"https:\/\/bulutdental.com.tr\/ar\/wp-json\/wp\/v2\/pages\/9835","targetHints":{"allow":["GET"]}}],"collection":[{"href":"https:\/\/bulutdental.com.tr\/ar\/wp-json\/wp\/v2\/pages"}],"about":[{"href":"https:\/\/bulutdental.com.tr\/ar\/wp-json\/wp\/v2\/types\/page"}],"author":[{"embeddable":true,"href":"https:\/\/bulutdental.com.tr\/ar\/wp-json\/wp\/v2\/users\/1"}],"replies":[{"embeddable":true,"href":"https:\/\/bulutdental.com.tr\/ar\/wp-json\/wp\/v2\/comments?post=9835"}],"version-history":[{"count":20,"href":"https:\/\/bulutdental.com.tr\/ar\/wp-json\/wp\/v2\/pages\/9835\/revisions"}],"predecessor-version":[{"id":11816,"href":"https:\/\/bulutdental.com.tr\/ar\/wp-json\/wp\/v2\/pages\/9835\/revisions\/11816"}],"up":[{"embeddable":true,"href":"https:\/\/bulutdental.com.tr\/ar\/wp-json\/wp\/v2\/pages\/4281"}],"wp:attachment":[{"href":"https:\/\/bulutdental.com.tr\/ar\/wp-json\/wp\/v2\/media?parent=9835"}],"curies":[{"name":"wp","href":"https:\/\/api.w.org\/{rel}","templated":true}]}}